{"id":3662,"date":"2022-11-02T17:22:38","date_gmt":"2022-11-02T16:22:38","guid":{"rendered":"http:\/\/musikwerkstatt-erlangen.de\/?page_id=3662"},"modified":"2026-02-13T18:32:12","modified_gmt":"2026-02-13T17:32:12","slug":"bildergalerie-2","status":"publish","type":"page","link":"https:\/\/www.musikwerkstatt-erlangen.de\/?page_id=3662","title":{"rendered":"Bildergalerie"},"content":{"rendered":"\t\t<div data-elementor-type=\"wp-page\" data-elementor-id=\"3662\" class=\"elementor elementor-3662\">\n\t\t\t\t\t\t<section class=\"elementor-section elementor-top-section elementor-element elementor-element-c6de482 elementor-section-boxed elementor-section-height-default elementor-section-height-default\" data-id=\"c6de482\" data-element_type=\"section\" data-e-type=\"section\">\n\t\t\t\t\t\t<div class=\"elementor-container elementor-column-gap-default\">\n\t\t\t\t\t<div class=\"elementor-column elementor-col-100 elementor-top-column elementor-element elementor-element-620a1ce\" data-id=\"620a1ce\" data-element_type=\"column\" data-e-type=\"column\">\n\t\t\t<div class=\"elementor-widget-wrap elementor-element-populated\">\n\t\t\t\t\t\t<div class=\"elementor-element elementor-element-7a7aba1 elementor-widget elementor-widget-image-gallery\" data-id=\"7a7aba1\" data-element_type=\"widget\" data-e-type=\"widget\" data-widget_type=\"image-gallery.default\">\n\t\t\t\t<div class=\"elementor-widget-container\">\n\t\t\t\t\t\t\t<div class=\"elementor-image-gallery\">\n\t\t\t<div id='gallery-1' class='gallery galleryid-3662 gallery-columns-4 gallery-size-thumbnail'><figure class='gallery-item'>\n\t\t\t<div class='gallery-icon landscape'>\n\t\t\t\t<a data-elementor-open-lightbox=\"yes\" data-elementor-lightbox-slideshow=\"7a7aba1\" data-elementor-lightbox-title=\"39_Musikwerkstatt_Chor_02-2026\" data-e-action-hash=\"#elementor-action%3Aaction%3Dlightbox%26settings%3DeyJpZCI6NjE5MywidXJsIjoiaHR0cDpcL1wvd3d3Lm11c2lrd2Vya3N0YXR0LWVybGFuZ2VuLmRlXC93cC1jb250ZW50XC91cGxvYWRzXC8yMDI2XC8wMlwvMzlfTXVzaWt3ZXJrc3RhdHRfQ2hvcl8wMi0yMDI2LXNjYWxlZC5qcGciLCJzbGlkZXNob3ciOiI3YTdhYmExIn0%3D\" href='http:\/\/www.musikwerkstatt-erlangen.de\/wp-content\/uploads\/2026\/02\/39_Musikwerkstatt_Chor_02-2026-scaled.jpg'><img decoding=\"async\" width=\"150\" height=\"150\" src=\"http:\/\/www.musikwerkstatt-erlangen.de\/wp-content\/uploads\/2026\/02\/39_Musikwerkstatt_Chor_02-2026-150x150.jpg\" class=\"attachment-thumbnail size-thumbnail\" alt=\"\" \/><\/a>\n\t\t\t<\/div><\/figure><figure class='gallery-item'>\n\t\t\t<div class='gallery-icon landscape'>\n\t\t\t\t<a data-elementor-open-lightbox=\"yes\" data-elementor-lightbox-slideshow=\"7a7aba1\" data-elementor-lightbox-title=\"30_Musikwerkstatt_Chor_02-2026\" data-e-action-hash=\"#elementor-action%3Aaction%3Dlightbox%26settings%3DeyJpZCI6NjE5NCwidXJsIjoiaHR0cDpcL1wvd3d3Lm11c2lrd2Vya3N0YXR0LWVybGFuZ2VuLmRlXC93cC1jb250ZW50XC91cGxvYWRzXC8yMDI2XC8wMlwvMzBfTXVzaWt3ZXJrc3RhdHRfQ2hvcl8wMi0yMDI2LXNjYWxlZC5qcGciLCJzbGlkZXNob3ciOiI3YTdhYmExIn0%3D\" href='http:\/\/www.musikwerkstatt-erlangen.de\/wp-content\/uploads\/2026\/02\/30_Musikwerkstatt_Chor_02-2026-scaled.jpg'><img decoding=\"async\" width=\"150\" height=\"150\" src=\"http:\/\/www.musikwerkstatt-erlangen.de\/wp-content\/uploads\/2026\/02\/30_Musikwerkstatt_Chor_02-2026-150x150.jpg\" class=\"attachment-thumbnail size-thumbnail\" alt=\"\" \/><\/a>\n\t\t\t<\/div><\/figure><figure class='gallery-item'>\n\t\t\t<div class='gallery-icon landscape'>\n\t\t\t\t<a data-elementor-open-lightbox=\"yes\" data-elementor-lightbox-slideshow=\"7a7aba1\" data-elementor-lightbox-title=\"34_Musikwerkstatt_Chor_02-2026\" data-e-action-hash=\"#elementor-action%3Aaction%3Dlightbox%26settings%3DeyJpZCI6NjE5NSwidXJsIjoiaHR0cDpcL1wvd3d3Lm11c2lrd2Vya3N0YXR0LWVybGFuZ2VuLmRlXC93cC1jb250ZW50XC91cGxvYWRzXC8yMDI2XC8wMlwvMzRfTXVzaWt3ZXJrc3RhdHRfQ2hvcl8wMi0yMDI2LXNjYWxlZC5qcGciLCJzbGlkZXNob3ciOiI3YTdhYmExIn0%3D\" href='http:\/\/www.musikwerkstatt-erlangen.de\/wp-content\/uploads\/2026\/02\/34_Musikwerkstatt_Chor_02-2026-scaled.jpg'><img decoding=\"async\" width=\"150\" height=\"150\" src=\"http:\/\/www.musikwerkstatt-erlangen.de\/wp-content\/uploads\/2026\/02\/34_Musikwerkstatt_Chor_02-2026-150x150.jpg\" class=\"attachment-thumbnail size-thumbnail\" alt=\"\" \/><\/a>\n\t\t\t<\/div><\/figure><figure class='gallery-item'>\n\t\t\t<div class='gallery-icon landscape'>\n\t\t\t\t<a data-elementor-open-lightbox=\"yes\" data-elementor-lightbox-slideshow=\"7a7aba1\" data-elementor-lightbox-title=\"IMG_1084\" data-e-action-hash=\"#elementor-action%3Aaction%3Dlightbox%26settings%3DeyJpZCI6NTMwMSwidXJsIjoiaHR0cDpcL1wvd3d3Lm11c2lrd2Vya3N0YXR0LWVybGFuZ2VuLmRlXC93cC1jb250ZW50XC91cGxvYWRzXC8yMDI1XC8wN1wvSU1HXzEwODQuanBnIiwic2xpZGVzaG93IjoiN2E3YWJhMSJ9\" href='http:\/\/www.musikwerkstatt-erlangen.de\/wp-content\/uploads\/2025\/07\/IMG_1084.jpg'><img loading=\"lazy\" decoding=\"async\" width=\"150\" height=\"150\" src=\"http:\/\/www.musikwerkstatt-erlangen.de\/wp-content\/uploads\/2025\/07\/IMG_1084-150x150.jpg\" class=\"attachment-thumbnail size-thumbnail\" alt=\"\" aria-describedby=\"gallery-1-5301\" srcset=\"http:\/\/www.musikwerkstatt-erlangen.de\/wp-content\/uploads\/2025\/07\/IMG_1084-150x150.jpg 150w, http:\/\/www.musikwerkstatt-erlangen.de\/wp-content\/uploads\/2025\/07\/IMG_1084-600x600.jpg 600w\" sizes=\"(max-width: 150px) 100vw, 150px\" \/><\/a>\n\t\t\t<\/div>\n\t\t\t\t<figcaption class='wp-caption-text gallery-caption' id='gallery-1-5301'>\n\t\t\t\tBismarkstra\u00dfenfest\n\t\t\t\t<\/figcaption><\/figure><figure class='gallery-item'>\n\t\t\t<div class='gallery-icon landscape'>\n\t\t\t\t<a data-elementor-open-lightbox=\"yes\" data-elementor-lightbox-slideshow=\"7a7aba1\" data-elementor-lightbox-title=\"34_Konzert Stadtb\u00fccherei_2025-01\" data-e-action-hash=\"#elementor-action%3Aaction%3Dlightbox%26settings%3DeyJpZCI6NTI0MCwidXJsIjoiaHR0cDpcL1wvd3d3Lm11c2lrd2Vya3N0YXR0LWVybGFuZ2VuLmRlXC93cC1jb250ZW50XC91cGxvYWRzXC8yMDI1XC8wMlwvMzRfS29uemVydC1TdGFkdGJ1ZWNoZXJlaV8yMDI1LTAxLXNjYWxlZC5qcGciLCJzbGlkZXNob3ciOiI3YTdhYmExIn0%3D\" href='http:\/\/www.musikwerkstatt-erlangen.de\/wp-content\/uploads\/2025\/02\/34_Konzert-Stadtbuecherei_2025-01-scaled.jpg'><img loading=\"lazy\" decoding=\"async\" width=\"150\" height=\"150\" src=\"http:\/\/www.musikwerkstatt-erlangen.de\/wp-content\/uploads\/2025\/02\/34_Konzert-Stadtbuecherei_2025-01-150x150.jpg\" class=\"attachment-thumbnail size-thumbnail\" alt=\"\" aria-describedby=\"gallery-1-5240\" srcset=\"http:\/\/www.musikwerkstatt-erlangen.de\/wp-content\/uploads\/2025\/02\/34_Konzert-Stadtbuecherei_2025-01-150x150.jpg 150w, http:\/\/www.musikwerkstatt-erlangen.de\/wp-content\/uploads\/2025\/02\/34_Konzert-Stadtbuecherei_2025-01-600x600.jpg 600w\" sizes=\"(max-width: 150px) 100vw, 150px\" \/><\/a>\n\t\t\t<\/div>\n\t\t\t\t<figcaption class='wp-caption-text gallery-caption' id='gallery-1-5240'>\n\t\t\t\tStadtb\u00fccherei Erlangen\n\t\t\t\t<\/figcaption><\/figure><figure class='gallery-item'>\n\t\t\t<div class='gallery-icon landscape'>\n\t\t\t\t<a data-elementor-open-lightbox=\"yes\" data-elementor-lightbox-slideshow=\"7a7aba1\" data-elementor-lightbox-title=\"Gesamt_1\" data-e-action-hash=\"#elementor-action%3Aaction%3Dlightbox%26settings%3DeyJpZCI6NDU3NywidXJsIjoiaHR0cDpcL1wvd3d3Lm11c2lrd2Vya3N0YXR0LWVybGFuZ2VuLmRlXC93cC1jb250ZW50XC91cGxvYWRzXC8yMDI0XC8wM1wvR2VzYW10XzEtc2NhbGVkLmpwZyIsInNsaWRlc2hvdyI6IjdhN2FiYTEifQ%3D%3D\" href='http:\/\/www.musikwerkstatt-erlangen.de\/wp-content\/uploads\/2024\/03\/Gesamt_1-scaled.jpg'><img loading=\"lazy\" decoding=\"async\" width=\"150\" height=\"150\" src=\"http:\/\/www.musikwerkstatt-erlangen.de\/wp-content\/uploads\/2024\/03\/Gesamt_1-150x150.jpg\" class=\"attachment-thumbnail size-thumbnail\" alt=\"\" aria-describedby=\"gallery-1-4577\" srcset=\"http:\/\/www.musikwerkstatt-erlangen.de\/wp-content\/uploads\/2024\/03\/Gesamt_1-150x150.jpg 150w, http:\/\/www.musikwerkstatt-erlangen.de\/wp-content\/uploads\/2024\/03\/Gesamt_1-600x600.jpg 600w\" sizes=\"(max-width: 150px) 100vw, 150px\" \/><\/a>\n\t\t\t<\/div>\n\t\t\t\t<figcaption class='wp-caption-text gallery-caption' id='gallery-1-4577'>\n\t\t\t\tChorwochenende\n\t\t\t\t<\/figcaption><\/figure><figure class='gallery-item'>\n\t\t\t<div class='gallery-icon landscape'>\n\t\t\t\t<a data-elementor-open-lightbox=\"yes\" data-elementor-lightbox-slideshow=\"7a7aba1\" data-elementor-lightbox-title=\"DSC01\" data-e-action-hash=\"#elementor-action%3Aaction%3Dlightbox%26settings%3DeyJpZCI6NDIzMiwidXJsIjoiaHR0cDpcL1wvd3d3Lm11c2lrd2Vya3N0YXR0LWVybGFuZ2VuLmRlXC93cC1jb250ZW50XC91cGxvYWRzXC8yMDIzXC8wM1wvRFNDMDEtc2NhbGVkLmpwZyIsInNsaWRlc2hvdyI6IjdhN2FiYTEifQ%3D%3D\" href='http:\/\/www.musikwerkstatt-erlangen.de\/wp-content\/uploads\/2023\/03\/DSC01-scaled.jpg'><img loading=\"lazy\" decoding=\"async\" width=\"150\" height=\"150\" src=\"http:\/\/www.musikwerkstatt-erlangen.de\/wp-content\/uploads\/2023\/03\/DSC01-150x150.jpg\" class=\"attachment-thumbnail size-thumbnail\" alt=\"\" aria-describedby=\"gallery-1-4232\" srcset=\"http:\/\/www.musikwerkstatt-erlangen.de\/wp-content\/uploads\/2023\/03\/DSC01-150x150.jpg 150w, http:\/\/www.musikwerkstatt-erlangen.de\/wp-content\/uploads\/2023\/03\/DSC01-600x600.jpg 600w\" sizes=\"(max-width: 150px) 100vw, 150px\" \/><\/a>\n\t\t\t<\/div>\n\t\t\t\t<figcaption class='wp-caption-text gallery-caption' id='gallery-1-4232'>\n\t\t\t\tChprwochenemde\n\t\t\t\t<\/figcaption><\/figure><figure class='gallery-item'>\n\t\t\t<div class='gallery-icon landscape'>\n\t\t\t\t<a data-elementor-open-lightbox=\"yes\" data-elementor-lightbox-slideshow=\"7a7aba1\" data-elementor-lightbox-title=\"40j\u00e4hriges\" data-e-action-hash=\"#elementor-action%3Aaction%3Dlightbox%26settings%3DeyJpZCI6NTIyMCwidXJsIjoiaHR0cDpcL1wvd3d3Lm11c2lrd2Vya3N0YXR0LWVybGFuZ2VuLmRlXC93cC1jb250ZW50XC91cGxvYWRzXC8yMDI1XC8wMlwvNDBqYWVocmlnZXMuanBnIiwic2xpZGVzaG93IjoiN2E3YWJhMSJ9\" href='http:\/\/www.musikwerkstatt-erlangen.de\/wp-content\/uploads\/2025\/02\/40jaehriges.jpg'><img loading=\"lazy\" decoding=\"async\" width=\"150\" height=\"150\" src=\"http:\/\/www.musikwerkstatt-erlangen.de\/wp-content\/uploads\/2025\/02\/40jaehriges-150x150.jpg\" class=\"attachment-thumbnail size-thumbnail\" alt=\"\" aria-describedby=\"gallery-1-5220\" srcset=\"http:\/\/www.musikwerkstatt-erlangen.de\/wp-content\/uploads\/2025\/02\/40jaehriges-150x150.jpg 150w, http:\/\/www.musikwerkstatt-erlangen.de\/wp-content\/uploads\/2025\/02\/40jaehriges-600x600.jpg 600w\" sizes=\"(max-width: 150px) 100vw, 150px\" \/><\/a>\n\t\t\t<\/div>\n\t\t\t\t<figcaption class='wp-caption-text gallery-caption' id='gallery-1-5220'>\n\t\t\t\t40j\u00e4hriges Bestehen\n\t\t\t\t<\/figcaption><\/figure>\n\t\t<\/div>\n\t\t<\/div>\n\t\t\t\t\t\t<\/div>\n\t\t\t\t<\/div>\n\t\t\t\t\t<\/div>\n\t\t<\/div>\n\t\t\t\t\t<\/div>\n\t\t<\/section>\n\t\t\t\t<\/div>\n\t\t","protected":false},"excerpt":{"rendered":"<p>Bismarkstra\u00dfenfest Stadtb\u00fccherei Erlangen Chorwochenende Chprwochenemde 40j\u00e4hriges Bestehen<\/p>\n","protected":false},"author":7,"featured_media":0,"parent":0,"menu_order":0,"comment_status":"closed","ping_status":"closed","template":"","meta":{"footnotes":""},"class_list":["post-3662","page","type-page","status-publish"],"_links":{"self":[{"href":"https:\/\/www.musikwerkstatt-erlangen.de\/index.php?rest_route=\/wp\/v2\/pages\/3662","targetHints":{"allow":["GET"]}}],"collection":[{"href":"https:\/\/www.musikwerkstatt-erlangen.de\/index.php?rest_route=\/wp\/v2\/pages"}],"about":[{"href":"https:\/\/www.musikwerkstatt-erlangen.de\/index.php?rest_route=\/wp\/v2\/types\/page"}],"author":[{"embeddable":true,"href":"https:\/\/www.musikwerkstatt-erlangen.de\/index.php?rest_route=\/wp\/v2\/users\/7"}],"replies":[{"embeddable":true,"href":"https:\/\/www.musikwerkstatt-erlangen.de\/index.php?rest_route=%2Fwp%2Fv2%2Fcomments&post=3662"}],"version-history":[{"count":149,"href":"https:\/\/www.musikwerkstatt-erlangen.de\/index.php?rest_route=\/wp\/v2\/pages\/3662\/revisions"}],"predecessor-version":[{"id":6201,"href":"https:\/\/www.musikwerkstatt-erlangen.de\/index.php?rest_route=\/wp\/v2\/pages\/3662\/revisions\/6201"}],"wp:attachment":[{"href":"https:\/\/www.musikwerkstatt-erlangen.de\/index.php?rest_route=%2Fwp%2Fv2%2Fmedia&parent=3662"}],"curies":[{"name":"wp","href":"https:\/\/api.w.org\/{rel}","templated":true}]}}