{"id":3364,"date":"2022-10-23T11:35:53","date_gmt":"2022-10-23T09:35:53","guid":{"rendered":"http:\/\/musikwerkstatt-erlangen.de\/?page_id=3364"},"modified":"2024-01-20T10:44:48","modified_gmt":"2024-01-20T09:44:48","slug":"datenschutz","status":"publish","type":"page","link":"https:\/\/www.musikwerkstatt-erlangen.de\/?page_id=3364","title":{"rendered":"Datenschutz"},"content":{"rendered":"\t\t<div data-elementor-type=\"wp-page\" data-elementor-id=\"3364\" class=\"elementor elementor-3364\">\n\t\t\t\t\t\t<section class=\"elementor-section elementor-top-section elementor-element elementor-element-43df465 elementor-section-boxed elementor-section-height-default elementor-section-height-default\" data-id=\"43df465\" data-element_type=\"section\" data-e-type=\"section\">\n\t\t\t\t\t\t<div class=\"elementor-container elementor-column-gap-default\">\n\t\t\t\t\t<div class=\"elementor-column elementor-col-100 elementor-top-column elementor-element elementor-element-369b7a0\" data-id=\"369b7a0\" data-element_type=\"column\" data-e-type=\"column\">\n\t\t\t<div class=\"elementor-widget-wrap elementor-element-populated\">\n\t\t\t\t\t\t<div class=\"elementor-element elementor-element-accf736 elementor-widget elementor-widget-text-editor\" data-id=\"accf736\" data-element_type=\"widget\" data-e-type=\"widget\" data-widget_type=\"text-editor.default\">\n\t\t\t\t<div class=\"elementor-widget-container\">\n\t\t\t\t\t\t\t\t\t<h2>\u00a0Eigentum an unseren Daten<\/h2><p>S\u00e4mtliche auf den Seiten dieser Homepage ver\u00f6ffentlichten Texte und Bilder sind Eigentum der Erlanger Musikwerkstatt e.V. oder ihrer Mitglieder. Kein Teil dieser Homepage darf ohne schriftliche Genehmigung der Erlanger Musikwerkstatt e.V.\u00a0 in irgendeiner Form (Fotokopie, Mikrofilm oder ein anderes Verfahren) reproduziert oder unter Verwendung elektronischer Systeme (insbesondere auch sozialer Medien) gespeichert, verarbeitet, vervielf\u00e4ltigt oder verbreitet werden. F\u00fcr den Fall der Zuwiderhandlung behalten sich die Betreiber dieser Homepage ausdr\u00fccklich rechtliche Schritte vor.<\/p><h3>Widerspruch Werbe-Mails<\/h3><p>Der Nutzung von im Rahmen der\u00a0Impressumspflicht ver\u00f6ffentlichten Kontaktdaten zur \u00dcbersendung von nicht ausdr\u00fccklich\u00a0angeforderter Werbung und Informationsmaterialien wird hiermit widersprochen. Die Betreiber der Seiten\u00a0behalten sich ausdr\u00fccklich rechtliche Schritte im Falle der unverlangten Zusendung von\u00a0Werbeinformationen, etwa durch Spam-E-Mails, vor.<\/p><h3>Schutz Ihrer Daten<\/h3><p>Wir behandeln Ihre personenbezogenen Daten\u00a0vertraulich entsprechend den gesetzlichen Datenschutzvorschriften. Die Nutzung unserer Webseite ist in der Regel ohne Angabe\u00a0personenbezogener Daten m\u00f6glich. Soweit auf unseren Seiten personenbezogene Daten\u00a0(beispielsweise Name, Anschrift oder E-Mail-Adressen) erhoben werden, erfolgt die Angabe auf freiwilliger Basis und zum Zweck der Kontaktaufnahme mit Ihnen. Diese Daten verbleiben bei Vorstand der \u00a0Erlanger Musikwerkstatt e.V. und werden ohne Ihre ausdr\u00fcckliche Zustimmung\u00a0nicht an Dritte weitergegeben. Nach Beendigung des Kontakts mit Ihnen werden die Daten gel\u00f6scht.<\/p><h3>SoundCloud<\/h3><p>Auf unseren Seiten k\u00f6nnen Plug-ins des sozialen Netzwerks SoundCloud\u00a0(SoundCloud Limited, Berners House, 47-48 Berners Street, London W1T 3NF, Gro\u00dfbritannien.)\u00a0integriert sein. Die SoundCloud Plug-ins erkennen Sie an dem SoundCloud-Logo auf den betroffenen\u00a0Seiten.<\/p><p>Wenn Sie unsere Seiten besuchen, wird nach Aktivierung des Plug-ins eine direkte\u00a0Verbindung zwischen Ihrem Browser und dem SoundCloud-Server hergestellt. SoundCloud erh\u00e4lt\u00a0dadurch die Information, dass Sie mit Ihrer IP-Adresse unsere Seite besucht haben. Wenn Sie den\u00a0\u201eLike-Button\u201c oder \u201eShare-Button\u201c anklicken w\u00e4hrend Sie in Ihrem\u00a0SoundCloud- Benutzerkonto eingeloggt sind, k\u00f6nnen Sie die Inhalte unserer Seiten mit Ihrem\u00a0SoundCloud-Profil verlinken und\/oder teilen. Dadurch kann SoundCloud Ihrem Benutzerkonto den Besuch\u00a0unserer Seiten zuordnen. Wir weisen darauf hin, dass wir als Anbieter der Seiten keine Kenntnis vom\u00a0Inhalt der \u00fcbermittelten Daten sowie deren Nutzung durch SoundCloud erhalten. Weitere\u00a0Informationen hierzu finden Sie in der Datenschutzerkl\u00e4rung von SoundCloud unter: <a href=\"https:\/\/soundcloud.com\/pages\/privacy\">https:\/\/soundcloud.com\/pages\/privacy<\/a><\/p><p>Wenn\u00a0Sie nicht w\u00fcnschen, dass SoundCloud den Besuch unserer Seiten Ihrem SoundCloud-<br \/>Benutzerkonto zuordnet, loggen Sie sich bitte aus Ihrem SoundCloud-Benutzerkonto aus bevor Sie Inhalte des SoundCloud Plug-ins aktivieren.<\/p><h3>YouTube<\/h3><p>Unsere Webseite\u00a0nutzt Plug-ins der von Google betriebenen Seite YouTube. Betreiber der Seiten ist die YouTube, LLC, 901\u00a0Cherry Ave., San Bruno, CA 94066, USA. Wenn Sie eine unserer mit einem YouTube Plug-in\u00a0ausgestatteten Seiten besuchen, wird eine Verbindung zu den Servern von YouTube hergestellt. Dabei\u00a0wird dem YouTube-Server mitgeteilt, welche unserer Seiten Sie besucht haben.<\/p><p>Wenn Sie in\u00a0Ihrem YouTube-Account eingeloggt sind, erm\u00f6glichen Sie YouTube, Ihr Surfverhalten direkt Ihrem\u00a0pers\u00f6nlichen Profil zuzuordnen. Dies k\u00f6nnen Sie verhindern, indem Sie sich aus Ihrem\u00a0YouTube-Account ausloggen.<\/p><p>Weitere Informationen zum Umgang von Nutzerdaten finden Sie in\u00a0der Datenschutzerkl\u00e4rung von YouTube unter: <a href=\"https:\/\/www.google.de\/intl\/de\/policies\/privacy\">https:\/\/www.google.de\/intl\/de\/policies\/privacy<\/a><\/p><p>\u00a0<\/p><p>Quelle: <a href=\"https:\/\/www.e-recht24.de\">e-recht24.de<\/a><\/p><p>\u00a0<\/p>\t\t\t\t\t\t\t\t<\/div>\n\t\t\t\t<\/div>\n\t\t\t\t\t<\/div>\n\t\t<\/div>\n\t\t\t\t\t<\/div>\n\t\t<\/section>\n\t\t\t\t<\/div>\n\t\t","protected":false},"excerpt":{"rendered":"<p>\u00a0Eigentum an unseren Daten S\u00e4mtliche auf den Seiten dieser Homepage ver\u00f6ffentlichten Texte und Bilder sind Eigentum der Erlanger Musikwerkstatt e.V. oder ihrer Mitglieder. Kein Teil dieser Homepage darf ohne schriftliche Genehmigung der Erlanger Musikwerkstatt e.V.\u00a0 in irgendeiner Form (Fotokopie, Mikrofilm oder ein anderes Verfahren) reproduziert oder unter Verwendung elektronischer Systeme (insbesondere auch sozialer Medien) gespeichert, &#8230; <a title=\"Datenschutz\" class=\"read-more\" href=\"https:\/\/www.musikwerkstatt-erlangen.de\/?page_id=3364\" aria-label=\"Mehr Informationen \u00fcber Datenschutz\">Weiterlesen<\/a><\/p>\n","protected":false},"author":7,"featured_media":0,"parent":0,"menu_order":0,"comment_status":"closed","ping_status":"closed","template":"","meta":{"footnotes":""},"class_list":["post-3364","page","type-page","status-publish"],"_links":{"self":[{"href":"https:\/\/www.musikwerkstatt-erlangen.de\/index.php?rest_route=\/wp\/v2\/pages\/3364","targetHints":{"allow":["GET"]}}],"collection":[{"href":"https:\/\/www.musikwerkstatt-erlangen.de\/index.php?rest_route=\/wp\/v2\/pages"}],"about":[{"href":"https:\/\/www.musikwerkstatt-erlangen.de\/index.php?rest_route=\/wp\/v2\/types\/page"}],"author":[{"embeddable":true,"href":"https:\/\/www.musikwerkstatt-erlangen.de\/index.php?rest_route=\/wp\/v2\/users\/7"}],"replies":[{"embeddable":true,"href":"https:\/\/www.musikwerkstatt-erlangen.de\/index.php?rest_route=%2Fwp%2Fv2%2Fcomments&post=3364"}],"version-history":[{"count":9,"href":"https:\/\/www.musikwerkstatt-erlangen.de\/index.php?rest_route=\/wp\/v2\/pages\/3364\/revisions"}],"predecessor-version":[{"id":4447,"href":"https:\/\/www.musikwerkstatt-erlangen.de\/index.php?rest_route=\/wp\/v2\/pages\/3364\/revisions\/4447"}],"wp:attachment":[{"href":"https:\/\/www.musikwerkstatt-erlangen.de\/index.php?rest_route=%2Fwp%2Fv2%2Fmedia&parent=3364"}],"curies":[{"name":"wp","href":"https:\/\/api.w.org\/{rel}","templated":true}]}}